{"id":80,"date":"2026-01-05T22:52:50","date_gmt":"2026-01-05T21:52:50","guid":{"rendered":"https:\/\/ilbdesign.fr\/?post_type=product&#038;p=80"},"modified":"2026-03-10T13:59:11","modified_gmt":"2026-03-10T12:59:11","slug":"auraa","status":"publish","type":"product","link":"https:\/\/ilbdesign.fr\/index.php\/produit\/auraa\/","title":{"rendered":"Auraa"},"content":{"rendered":"<h3 data-start=\"86\" data-end=\"101\"><\/h3>\n<p data-path-to-node=\"5\"><b data-path-to-node=\"5\" data-index-in-node=\"0\">Une structure pens\u00e9e pour la lumi\u00e8re :<\/b><\/p>\n<ul data-path-to-node=\"6\">\n<li>\n<p data-path-to-node=\"6,0,0\"><b data-path-to-node=\"6,0,0\" data-index-in-node=\"0\">Technique de D\u00e9flexion :<\/b> L&rsquo;abat-jour n&rsquo;est pas simplement translucide. Sa structure imprim\u00e9e est con\u00e7ue pour diffracter et guider la lumi\u00e8re \u00e0 travers ses couches, cr\u00e9ant cet effet visuel stri\u00e9 et dynamique unique.<\/p>\n<\/li>\n<li>\n<p data-path-to-node=\"6,1,0\"><b data-path-to-node=\"6,1,0\" data-index-in-node=\"0\">Design Signature :<\/b> Son tr\u00e9pied minimaliste soutient un d\u00f4me qui semble prendre vie une fois \u00e9clair\u00e9.<\/p>\n<\/li>\n<\/ul>\n<p data-path-to-node=\"7\"><b data-path-to-node=\"7\" data-index-in-node=\"0\">Une m\u00e9tamorphose chromatique :<\/b><\/p>\n<ul data-path-to-node=\"8\">\n<li>\n<p data-path-to-node=\"8,0,0\"><b data-path-to-node=\"8,0,0\" data-index-in-node=\"0\">Le jour :<\/b> Une sculpture moderne au fini textur\u00e9, disponible en <b data-path-to-node=\"8,0,0\" data-index-in-node=\"63\">Ambre fum\u00e9<\/b> ou <b data-path-to-node=\"8,0,0\" data-index-in-node=\"77\">Rouge vibrant<\/b>.<\/p>\n<\/li>\n<li>\n<p data-path-to-node=\"8,1,0\"><b data-path-to-node=\"8,1,0\" data-index-in-node=\"0\">La nuit :<\/b> La magie op\u00e8re. La lumi\u00e8re se diffuse \u00e0 travers les couches d&rsquo;impression, transformant l&rsquo;abat-jour en un c\u0153ur incandescent. La version ambr\u00e9e diffuse une chaleur dor\u00e9e, tandis que la rouge rayonne d&rsquo;une intensit\u00e9 myst\u00e9rieuse.<\/p>\n<\/li>\n<\/ul>\n<hr data-start=\"457\" data-end=\"460\" \/>\n<h3 data-start=\"462\" data-end=\"484\">D\u00e9tails techniques<\/h3>\n<p data-start=\"488\" data-end=\"511\">Hauteur : <strong data-start=\"498\" data-end=\"509\">31,5 cm<\/strong><\/p>\n<p data-start=\"514\" data-end=\"536\">Diam\u00e8tre : <strong data-start=\"525\" data-end=\"534\">19 cm<\/strong><\/p>\n<p data-start=\"539\" data-end=\"569\">Alimentation : <strong data-start=\"554\" data-end=\"567\">220\u2013240 V<\/strong><\/p>\n<p data-start=\"572\" data-end=\"612\">Ampoule : <strong data-start=\"582\" data-end=\"600\">LED uniquement<\/strong> (incluse)<\/p>\n<p data-start=\"615\" data-end=\"646\">Longueur du c\u00e2ble : <strong data-start=\"635\" data-end=\"644\">1,5 m<\/strong><\/p>\n<p data-start=\"649\" data-end=\"672\">Usage : <strong data-start=\"657\" data-end=\"670\">Int\u00e9rieur<\/strong><\/p>\n<p data-start=\"675\" data-end=\"710\">Fonction : <strong data-start=\"686\" data-end=\"710\">\u00c9clairage d\u2019ambiance<\/strong><\/p>\n<hr data-start=\"712\" data-end=\"715\" \/>\n<h3 data-start=\"717\" data-end=\"732\">Fabrication<\/h3>\n<p data-start=\"734\" data-end=\"884\">Con\u00e7ue et fabriqu\u00e9e de A \u00e0 Z dans notre atelier, imprim\u00e9e en 3D en plastique PETG recyclable, chaque lampe est r\u00e9alis\u00e9e avec soin et raconte sa propre histoire \u00e0 travers ses formes et sa lumi\u00e8re.<\/p>\n","protected":false},"excerpt":{"rendered":"<p>Une lumi\u00e8re organique inspir\u00e9e des profondeurs marines, o\u00f9 une flamme douce semble prendre vie \u00e0 l\u2019allumage.<\/p>\n<pre><span style=\"color: #808080;\"><strong>Exp\u00e9dition sous 2 semaines <\/strong><\/span><\/pre>\n<p>&nbsp;<\/p>\n<p>&nbsp;<\/p>\n","protected":false},"featured_media":162,"comment_status":"open","ping_status":"closed","template":"","meta":[],"product_brand":[],"product_cat":[17],"product_tag":[],"class_list":{"0":"post-80","1":"product","2":"type-product","3":"status-publish","4":"has-post-thumbnail","6":"product_cat-non-classe","8":"first","9":"outofstock","10":"sale","11":"shipping-taxable","12":"purchasable","13":"product-type-variable"},"_links":{"self":[{"href":"https:\/\/ilbdesign.fr\/index.php\/wp-json\/wp\/v2\/product\/80","targetHints":{"allow":["GET"]}}],"collection":[{"href":"https:\/\/ilbdesign.fr\/index.php\/wp-json\/wp\/v2\/product"}],"about":[{"href":"https:\/\/ilbdesign.fr\/index.php\/wp-json\/wp\/v2\/types\/product"}],"replies":[{"embeddable":true,"href":"https:\/\/ilbdesign.fr\/index.php\/wp-json\/wp\/v2\/comments?post=80"}],"wp:featuredmedia":[{"embeddable":true,"href":"https:\/\/ilbdesign.fr\/index.php\/wp-json\/wp\/v2\/media\/162"}],"wp:attachment":[{"href":"https:\/\/ilbdesign.fr\/index.php\/wp-json\/wp\/v2\/media?parent=80"}],"wp:term":[{"taxonomy":"product_brand","embeddable":true,"href":"https:\/\/ilbdesign.fr\/index.php\/wp-json\/wp\/v2\/product_brand?post=80"},{"taxonomy":"product_cat","embeddable":true,"href":"https:\/\/ilbdesign.fr\/index.php\/wp-json\/wp\/v2\/product_cat?post=80"},{"taxonomy":"product_tag","embeddable":true,"href":"https:\/\/ilbdesign.fr\/index.php\/wp-json\/wp\/v2\/product_tag?post=80"}],"curies":[{"name":"wp","href":"https:\/\/api.w.org\/{rel}","templated":true}]}}