{"id":205,"date":"2026-02-21T14:53:28","date_gmt":"2026-02-21T13:53:28","guid":{"rendered":"https:\/\/ilbdesign.fr\/?post_type=product&#038;p=205"},"modified":"2026-03-17T10:59:51","modified_gmt":"2026-03-17T09:59:51","slug":"auraverse","status":"publish","type":"product","link":"https:\/\/ilbdesign.fr\/index.php\/produit\/auraverse\/","title":{"rendered":"Auraverse"},"content":{"rendered":"<p data-start=\"59\" data-end=\"236\">Une lampe sculpt\u00e9e en impression 3D, pens\u00e9e pour changer d\u2019ambiance selon sa position.<br data-start=\"145\" data-end=\"148\" \/>Chaque orientation r\u00e9v\u00e8le une nouvelle forme et projette un halo chaleureux et apaisant.<\/p>\n<p data-start=\"238\" data-end=\"285\">Plus qu\u2019un luminaire, une exp\u00e9rience lumineuse.<\/p>\n<h3 data-start=\"462\" data-end=\"484\">D\u00e9tails techniques<\/h3>\n<p data-start=\"488\" data-end=\"511\">Hauteur : <strong data-start=\"498\" data-end=\"509\">18.5 cm<\/strong><\/p>\n<p data-start=\"514\" data-end=\"536\">Diam\u00e8tre :\u00a0<strong data-start=\"525\" data-end=\"534\">8 cm<\/strong><\/p>\n<p data-start=\"539\" data-end=\"569\">Alimentation :\u00a0<strong data-start=\"554\" data-end=\"567\">5V- USB<\/strong><\/p>\n<p data-start=\"649\" data-end=\"672\">Usage :\u00a0<strong data-start=\"657\" data-end=\"670\">Int\u00e9rieur<\/strong><\/p>\n<p data-start=\"675\" data-end=\"710\">Fonction :\u00a0<strong data-start=\"686\" data-end=\"710\">\u00c9clairage d\u2019ambiance<\/strong><\/p>\n<h3 data-start=\"717\" data-end=\"732\">Fabrication<\/h3>\n<p data-start=\"734\" data-end=\"884\">Con\u00e7ue et fabriqu\u00e9e de A \u00e0 Z dans notre atelier, imprim\u00e9e en 3D en plastique recyclable, chaque lampe est r\u00e9alis\u00e9e avec soin et raconte sa propre histoire \u00e0 travers ses formes et sa lumi\u00e8re.<\/p>\n","protected":false},"excerpt":{"rendered":"<p>Une lampe sculpt\u00e9e en impression 3D, pens\u00e9e pour changer d\u2019ambiance selon sa position.<\/p>\n<p><strong>Exp\u00e9dition sous 2 semaines <\/strong><\/p>\n","protected":false},"featured_media":206,"comment_status":"open","ping_status":"closed","template":"","meta":[],"product_brand":[],"product_cat":[17],"product_tag":[],"class_list":{"0":"post-205","1":"product","2":"type-product","3":"status-publish","4":"has-post-thumbnail","6":"product_cat-non-classe","8":"first","9":"outofstock","10":"shipping-taxable","11":"purchasable","12":"product-type-simple"},"_links":{"self":[{"href":"https:\/\/ilbdesign.fr\/index.php\/wp-json\/wp\/v2\/product\/205","targetHints":{"allow":["GET"]}}],"collection":[{"href":"https:\/\/ilbdesign.fr\/index.php\/wp-json\/wp\/v2\/product"}],"about":[{"href":"https:\/\/ilbdesign.fr\/index.php\/wp-json\/wp\/v2\/types\/product"}],"replies":[{"embeddable":true,"href":"https:\/\/ilbdesign.fr\/index.php\/wp-json\/wp\/v2\/comments?post=205"}],"wp:featuredmedia":[{"embeddable":true,"href":"https:\/\/ilbdesign.fr\/index.php\/wp-json\/wp\/v2\/media\/206"}],"wp:attachment":[{"href":"https:\/\/ilbdesign.fr\/index.php\/wp-json\/wp\/v2\/media?parent=205"}],"wp:term":[{"taxonomy":"product_brand","embeddable":true,"href":"https:\/\/ilbdesign.fr\/index.php\/wp-json\/wp\/v2\/product_brand?post=205"},{"taxonomy":"product_cat","embeddable":true,"href":"https:\/\/ilbdesign.fr\/index.php\/wp-json\/wp\/v2\/product_cat?post=205"},{"taxonomy":"product_tag","embeddable":true,"href":"https:\/\/ilbdesign.fr\/index.php\/wp-json\/wp\/v2\/product_tag?post=205"}],"curies":[{"name":"wp","href":"https:\/\/api.w.org\/{rel}","templated":true}]}}