{"id":203,"date":"2026-02-20T17:52:47","date_gmt":"2026-02-20T16:52:47","guid":{"rendered":"https:\/\/ilbdesign.fr\/?post_type=product&#038;p=203"},"modified":"2026-03-17T10:59:37","modified_gmt":"2026-03-17T09:59:37","slug":"popwave","status":"publish","type":"product","link":"https:\/\/ilbdesign.fr\/index.php\/produit\/popwave\/","title":{"rendered":"PopWave"},"content":{"rendered":"<p data-start=\"105\" data-end=\"489\">Inspir\u00e9e par la d\u00e9licatesse d\u2019une fleur , cette lampe diffuse une lumi\u00e8re douce et chaleureuse aux reflets corail.<\/p>\n<p data-start=\"105\" data-end=\"489\">Enti\u00e8rement con\u00e7ue et fabriqu\u00e9e en impression 3D, elle est r\u00e9alis\u00e9e en PLA avec un soin particulier port\u00e9 aux d\u00e9tails et aux textures. \u00c0 la fois d\u00e9corative et fonctionnelle, elle apporte une touche po\u00e9tique et contemporaine \u00e0 n\u2019importe quel int\u00e9rieur.<\/p>\n<pre><\/pre>\n<h3 data-start=\"462\" data-end=\"484\">D\u00e9tails techniques<\/h3>\n<p data-start=\"488\" data-end=\"511\">Hauteur :\u00a0<strong data-start=\"498\" data-end=\"509\">9.5 cm<\/strong><\/p>\n<p data-start=\"514\" data-end=\"536\">Diam\u00e8tre :\u00a0<strong data-start=\"525\" data-end=\"534\">15.5 cm<\/strong><\/p>\n<p data-start=\"539\" data-end=\"569\">Alimentation :\u00a0<strong data-start=\"554\" data-end=\"567\">5V- USB<\/strong><\/p>\n<p data-start=\"649\" data-end=\"672\">Usage :\u00a0<strong data-start=\"657\" data-end=\"670\">Int\u00e9rieur<\/strong><\/p>\n<p data-start=\"675\" data-end=\"710\">Fonction :\u00a0<strong data-start=\"686\" data-end=\"710\">\u00c9clairage d\u2019ambiance<\/strong><\/p>\n<h3 data-start=\"717\" data-end=\"732\">Fabrication<\/h3>\n<p data-start=\"734\" data-end=\"884\">Con\u00e7ue et fabriqu\u00e9e de A \u00e0 Z dans notre atelier, imprim\u00e9e en 3D en BIO plastique PLA recyclable, chaque lampe est r\u00e9alis\u00e9e avec soin et raconte sa propre histoire \u00e0 travers ses formes et sa lumi\u00e8re.<\/p>\n","protected":false},"excerpt":{"rendered":"<p>Inspir\u00e9e par la d\u00e9licatesse d\u2019une fleur , cette lampe diffuse une lumi\u00e8re douce et chaleureuse aux reflets corail.<\/p>\n<pre><strong>Exp\u00e9dition sous 2 semaines <\/strong><\/pre>\n","protected":false},"featured_media":217,"comment_status":"open","ping_status":"closed","template":"","meta":[],"product_brand":[],"product_cat":[17],"product_tag":[],"class_list":{"0":"post-203","1":"product","2":"type-product","3":"status-publish","4":"has-post-thumbnail","6":"product_cat-non-classe","8":"first","9":"outofstock","10":"shipping-taxable","11":"purchasable","12":"product-type-simple"},"_links":{"self":[{"href":"https:\/\/ilbdesign.fr\/index.php\/wp-json\/wp\/v2\/product\/203","targetHints":{"allow":["GET"]}}],"collection":[{"href":"https:\/\/ilbdesign.fr\/index.php\/wp-json\/wp\/v2\/product"}],"about":[{"href":"https:\/\/ilbdesign.fr\/index.php\/wp-json\/wp\/v2\/types\/product"}],"replies":[{"embeddable":true,"href":"https:\/\/ilbdesign.fr\/index.php\/wp-json\/wp\/v2\/comments?post=203"}],"wp:featuredmedia":[{"embeddable":true,"href":"https:\/\/ilbdesign.fr\/index.php\/wp-json\/wp\/v2\/media\/217"}],"wp:attachment":[{"href":"https:\/\/ilbdesign.fr\/index.php\/wp-json\/wp\/v2\/media?parent=203"}],"wp:term":[{"taxonomy":"product_brand","embeddable":true,"href":"https:\/\/ilbdesign.fr\/index.php\/wp-json\/wp\/v2\/product_brand?post=203"},{"taxonomy":"product_cat","embeddable":true,"href":"https:\/\/ilbdesign.fr\/index.php\/wp-json\/wp\/v2\/product_cat?post=203"},{"taxonomy":"product_tag","embeddable":true,"href":"https:\/\/ilbdesign.fr\/index.php\/wp-json\/wp\/v2\/product_tag?post=203"}],"curies":[{"name":"wp","href":"https:\/\/api.w.org\/{rel}","templated":true}]}}