{"id":186,"date":"2026-02-08T15:25:17","date_gmt":"2026-02-08T14:25:17","guid":{"rendered":"https:\/\/ilbdesign.fr\/?post_type=product&#038;p=186"},"modified":"2026-03-17T10:59:20","modified_gmt":"2026-03-17T09:59:20","slug":"anko","status":"publish","type":"product","link":"https:\/\/ilbdesign.fr\/index.php\/produit\/anko\/","title":{"rendered":"Anko"},"content":{"rendered":"<p data-start=\"201\" data-end=\"283\">Cette lampe est directement inspir\u00e9e des <strong data-start=\"242\" data-end=\"282\">lanternes japonaises traditionnelles<\/strong>.<\/p>\n<p data-start=\"285\" data-end=\"562\">La forme de l\u2019abat-jour \u00e9voque le <strong data-start=\"319\" data-end=\"335\">papier washi<\/strong>, traditionnellement tendu sur une structure en bambou ou en bois. Elle reprend ces lignes simples et r\u00e9guli\u00e8res qui diffusent une <strong data-start=\"466\" data-end=\"498\">lumi\u00e8re douce et chaleureuse<\/strong>, cr\u00e9ant une ambiance apaisante, aussi bien de jour que de nuit.<\/p>\n<h3 data-start=\"462\" data-end=\"484\"><\/h3>\n<h3 data-start=\"462\" data-end=\"484\"><\/h3>\n<h3 data-start=\"462\" data-end=\"484\">D\u00e9tails techniques<\/h3>\n<p data-start=\"488\" data-end=\"511\">Hauteur :\u00a0<strong data-start=\"498\" data-end=\"509\">23,5 cm<\/strong><\/p>\n<p data-start=\"514\" data-end=\"536\">Diam\u00e8tre :\u00a0<strong data-start=\"525\" data-end=\"534\">14 cm<\/strong><\/p>\n<p data-start=\"539\" data-end=\"569\">Alimentation :\u00a0<strong data-start=\"554\" data-end=\"567\">5V- UBS<\/strong><\/p>\n<p data-start=\"649\" data-end=\"672\">Usage :\u00a0<strong data-start=\"657\" data-end=\"670\">Int\u00e9rieur<\/strong><\/p>\n<p data-start=\"675\" data-end=\"710\">Fonction :\u00a0<strong data-start=\"686\" data-end=\"710\">\u00c9clairage d\u2019ambiance<\/strong><\/p>\n<hr data-start=\"712\" data-end=\"715\" \/>\n<h3 data-start=\"717\" data-end=\"732\">Fabrication<\/h3>\n<p data-start=\"734\" data-end=\"884\">Con\u00e7ue et fabriqu\u00e9e de A \u00e0 Z dans notre atelier, imprim\u00e9e en 3D en BIO plastique PLA recyclable, chaque lampe est r\u00e9alis\u00e9e avec soin et raconte sa propre histoire \u00e0 travers ses formes et sa lumi\u00e8re.<\/p>\n","protected":false},"excerpt":{"rendered":"<p data-start=\"201\" data-end=\"283\">Cette lampe est directement inspir\u00e9e des <strong data-start=\"242\" data-end=\"282\">lanternes japonaises traditionnelles<\/strong>.<\/p>\n<p data-start=\"201\" data-end=\"283\">La forme de l\u2019abat-jour \u00e9voque le <strong data-start=\"319\" data-end=\"335\">papier washi<\/strong>, traditionnellement tendu sur une structure en bambou ou en bois.<\/p>\n<pre><span style=\"color: #808080;\"><strong>Exp\u00e9dition sous 2 semaines <\/strong><\/span><\/pre>\n<p>&nbsp;<\/p>\n","protected":false},"featured_media":187,"comment_status":"open","ping_status":"closed","template":"","meta":[],"product_brand":[],"product_cat":[17],"product_tag":[],"class_list":{"0":"post-186","1":"product","2":"type-product","3":"status-publish","4":"has-post-thumbnail","6":"product_cat-non-classe","8":"first","9":"outofstock","10":"sale","11":"shipping-taxable","12":"purchasable","13":"product-type-variable"},"_links":{"self":[{"href":"https:\/\/ilbdesign.fr\/index.php\/wp-json\/wp\/v2\/product\/186","targetHints":{"allow":["GET"]}}],"collection":[{"href":"https:\/\/ilbdesign.fr\/index.php\/wp-json\/wp\/v2\/product"}],"about":[{"href":"https:\/\/ilbdesign.fr\/index.php\/wp-json\/wp\/v2\/types\/product"}],"replies":[{"embeddable":true,"href":"https:\/\/ilbdesign.fr\/index.php\/wp-json\/wp\/v2\/comments?post=186"}],"wp:featuredmedia":[{"embeddable":true,"href":"https:\/\/ilbdesign.fr\/index.php\/wp-json\/wp\/v2\/media\/187"}],"wp:attachment":[{"href":"https:\/\/ilbdesign.fr\/index.php\/wp-json\/wp\/v2\/media?parent=186"}],"wp:term":[{"taxonomy":"product_brand","embeddable":true,"href":"https:\/\/ilbdesign.fr\/index.php\/wp-json\/wp\/v2\/product_brand?post=186"},{"taxonomy":"product_cat","embeddable":true,"href":"https:\/\/ilbdesign.fr\/index.php\/wp-json\/wp\/v2\/product_cat?post=186"},{"taxonomy":"product_tag","embeddable":true,"href":"https:\/\/ilbdesign.fr\/index.php\/wp-json\/wp\/v2\/product_tag?post=186"}],"curies":[{"name":"wp","href":"https:\/\/api.w.org\/{rel}","templated":true}]}}