{"id":135,"date":"2026-01-06T10:05:55","date_gmt":"2026-01-06T09:05:55","guid":{"rendered":"https:\/\/ilbdesign.fr\/?page_id=135"},"modified":"2026-01-06T10:05:55","modified_gmt":"2026-01-06T09:05:55","slug":"mentions-legales","status":"publish","type":"page","link":"https:\/\/ilbdesign.fr\/index.php\/mentions-legales\/","title":{"rendered":"Mentions l\u00e9gales"},"content":{"rendered":"\n<h2 class=\"wp-block-heading\"><\/h2>\n\n\n\n<h3 class=\"wp-block-heading\">1. \u00c9diteur du site<\/h3>\n\n\n\n<p>Le pr\u00e9sent site, accessible \u00e0 l\u2019URL <strong><a href=\"https:\/\/www.ilbdesign.fr\">https:\/\/www.ilbdesign.fr<\/a><\/strong>, est \u00e9dit\u00e9 par :<\/p>\n\n\n\n<ul class=\"wp-block-list\">\n<li><strong>Nom \/ Raison sociale<\/strong> : Ian Le Bihan<\/li>\n\n\n\n<li><strong>Statut juridique<\/strong> : Auto-entrepreneur<\/li>\n\n\n\n<li><strong>Num\u00e9ro SIRET<\/strong> : 947 946 851 00021<\/li>\n\n\n\n<li><strong>Adresse<\/strong> : 55 placette des Anthemis, 06560 Valbonne<\/li>\n\n\n\n<li><strong>Adresse e-mail<\/strong> : <em>[\u00e0 compl\u00e9ter]<\/em><\/li>\n<\/ul>\n\n\n\n<hr class=\"wp-block-separator has-alpha-channel-opacity\"\/>\n\n\n\n<h3 class=\"wp-block-heading\">2. Responsable de la publication<\/h3>\n\n\n\n<ul class=\"wp-block-list\">\n<li><strong>Nom<\/strong> : Ian Le Bihan<\/li>\n<\/ul>\n\n\n\n<hr class=\"wp-block-separator has-alpha-channel-opacity\"\/>\n\n\n\n<h3 class=\"wp-block-heading\">3. H\u00e9bergement du site<\/h3>\n\n\n\n<p>Le site est h\u00e9berg\u00e9 par :<\/p>\n\n\n\n<ul class=\"wp-block-list\">\n<li><strong>H\u00e9bergeur<\/strong> : OVH<\/li>\n\n\n\n<li><strong>Adresse<\/strong> : 2, rue Kellermann, 59100 Roubaix<\/li>\n\n\n\n<li><strong>Site web<\/strong> : <a href=\"https:\/\/www.ovhcloud.com\/fr\/\">https:\/\/www.ovhcloud.com\/fr\/<\/a><\/li>\n<\/ul>\n\n\n\n<hr class=\"wp-block-separator has-alpha-channel-opacity\"\/>\n\n\n\n<h3 class=\"wp-block-heading\">4. Propri\u00e9t\u00e9 intellectuelle<\/h3>\n\n\n\n<p>L\u2019ensemble des contenus pr\u00e9sents sur le site <strong>ILBdesign.fr<\/strong>, incluant, de mani\u00e8re non exhaustive, les textes, images, photographies, vid\u00e9os, logos, cr\u00e9ations, objets, mod\u00e8les et designs, est prot\u00e9g\u00e9 par les lois fran\u00e7aises et internationales relatives \u00e0 la propri\u00e9t\u00e9 intellectuelle.<\/p>\n\n\n\n<p>Sauf autorisation \u00e9crite pr\u00e9alable, toute reproduction, repr\u00e9sentation, modification, publication ou adaptation, totale ou partielle, de ces \u00e9l\u00e9ments est strictement interdite.<\/p>\n\n\n\n<hr class=\"wp-block-separator has-alpha-channel-opacity\"\/>\n\n\n\n<h3 class=\"wp-block-heading\">5. Donn\u00e9es personnelles (RGPD)<\/h3>\n\n\n\n<p>Les informations personnelles \u00e9ventuellement collect\u00e9es sur le site (formulaire de contact, adresse e-mail, etc.) sont utilis\u00e9es uniquement dans le cadre des \u00e9changes avec l\u2019utilisateur.<\/p>\n\n\n\n<p>Conform\u00e9ment au R\u00e8glement G\u00e9n\u00e9ral sur la Protection des Donn\u00e9es (RGPD) et \u00e0 la loi \u00ab Informatique et Libert\u00e9s \u00bb, l\u2019utilisateur dispose des droits suivants concernant ses donn\u00e9es personnelles :<\/p>\n\n\n\n<ul class=\"wp-block-list\">\n<li>droit d\u2019acc\u00e8s<\/li>\n\n\n\n<li>droit de rectification<\/li>\n\n\n\n<li>droit de suppression<\/li>\n\n\n\n<li>droit d\u2019opposition<\/li>\n<\/ul>\n\n\n\n<p>Toute demande relative \u00e0 l\u2019exercice de ces droits peut \u00eatre adress\u00e9e par e-mail \u00e0 : <em>[adresse e-mail \u00e0 compl\u00e9ter]<\/em>.<\/p>\n\n\n\n<p>Aucune donn\u00e9e personnelle n\u2019est c\u00e9d\u00e9e ou vendue \u00e0 des tiers.<\/p>\n\n\n\n<hr class=\"wp-block-separator has-alpha-channel-opacity\"\/>\n\n\n\n<h3 class=\"wp-block-heading\">6. Cookies<\/h3>\n\n\n\n<p>Le site <strong>ILBdesign.fr<\/strong> peut \u00eatre amen\u00e9 \u00e0 utiliser des cookies afin d\u2019am\u00e9liorer l\u2019exp\u00e9rience utilisateur et de r\u00e9aliser des statistiques de navigation.<\/p>\n\n\n\n<p>L\u2019utilisateur peut configurer son navigateur pour refuser tout ou partie des cookies. Le refus des cookies peut toutefois limiter certaines fonctionnalit\u00e9s du site.<\/p>\n\n\n\n<hr class=\"wp-block-separator has-alpha-channel-opacity\"\/>\n\n\n\n<h3 class=\"wp-block-heading\">7. Responsabilit\u00e9<\/h3>\n\n\n\n<p>L\u2019\u00e9diteur du site s\u2019efforce de fournir des informations aussi pr\u00e9cises et \u00e0 jour que possible. Toutefois, il ne saurait \u00eatre tenu responsable des erreurs, omissions ou de l\u2019indisponibilit\u00e9 temporaire des informations.<\/p>\n\n\n\n<p>L\u2019utilisateur reconna\u00eet utiliser le site sous sa responsabilit\u00e9 exclusive.<\/p>\n\n\n\n<hr class=\"wp-block-separator has-alpha-channel-opacity\"\/>\n\n\n\n<h3 class=\"wp-block-heading\">8. Droit applicable<\/h3>\n\n\n\n<p>Le pr\u00e9sent site est soumis au <strong>droit fran\u00e7ais<\/strong>.<br>En cas de litige, et \u00e0 d\u00e9faut de r\u00e9solution amiable, les tribunaux fran\u00e7ais seront seuls comp\u00e9tents.<\/p>\n","protected":false},"excerpt":{"rendered":"<p>1. \u00c9diteur du site Le pr\u00e9sent site, accessible \u00e0 l\u2019URL https:\/\/www.ilbdesign.fr, est \u00e9dit\u00e9 par : 2. Responsable de la publication 3. H\u00e9bergement du site Le site est h\u00e9berg\u00e9 par : 4. Propri\u00e9t\u00e9 intellectuelle L\u2019ensemble des contenus pr\u00e9sents sur le site ILBdesign.fr, incluant, de mani\u00e8re non exhaustive, les textes, images, photographies, vid\u00e9os, logos, cr\u00e9ations, objets, mod\u00e8les &hellip; <\/p>\n<p class=\"link-more\"><a href=\"https:\/\/ilbdesign.fr\/index.php\/mentions-legales\/\" class=\"more-link\">Lire la suite de<span class=\"screen-reader-text\">\u00ab\u00a0Mentions l\u00e9gales\u00a0\u00bb<\/span><\/a><\/p>\n","protected":false},"author":1,"featured_media":0,"parent":0,"menu_order":0,"comment_status":"closed","ping_status":"closed","template":"","meta":{"footnotes":""},"class_list":["post-135","page","type-page","status-publish","hentry"],"_links":{"self":[{"href":"https:\/\/ilbdesign.fr\/index.php\/wp-json\/wp\/v2\/pages\/135","targetHints":{"allow":["GET"]}}],"collection":[{"href":"https:\/\/ilbdesign.fr\/index.php\/wp-json\/wp\/v2\/pages"}],"about":[{"href":"https:\/\/ilbdesign.fr\/index.php\/wp-json\/wp\/v2\/types\/page"}],"author":[{"embeddable":true,"href":"https:\/\/ilbdesign.fr\/index.php\/wp-json\/wp\/v2\/users\/1"}],"replies":[{"embeddable":true,"href":"https:\/\/ilbdesign.fr\/index.php\/wp-json\/wp\/v2\/comments?post=135"}],"version-history":[{"count":1,"href":"https:\/\/ilbdesign.fr\/index.php\/wp-json\/wp\/v2\/pages\/135\/revisions"}],"predecessor-version":[{"id":136,"href":"https:\/\/ilbdesign.fr\/index.php\/wp-json\/wp\/v2\/pages\/135\/revisions\/136"}],"wp:attachment":[{"href":"https:\/\/ilbdesign.fr\/index.php\/wp-json\/wp\/v2\/media?parent=135"}],"curies":[{"name":"wp","href":"https:\/\/api.w.org\/{rel}","templated":true}]}}